{"id":719,"date":"2024-11-26T09:37:39","date_gmt":"2024-11-26T09:37:39","guid":{"rendered":"https:\/\/www.presepios.cincork.com\/wp\/?page_id=719"},"modified":"2024-11-26T09:47:32","modified_gmt":"2024-11-26T09:47:32","slug":"2024-jardim-de-infancia-outeiro-travanca","status":"publish","type":"page","link":"https:\/\/www.presepios.cincork.com\/wp\/2024-jardim-de-infancia-outeiro-travanca\/","title":{"rendered":"2024 &#8211; Jardim de Inf\u00e2ncia Outeiro Travanca"},"content":{"rendered":"<p class=\"attachment\"><a href='https:\/\/www.presepios.cincork.com\/wp\/wp-content\/uploads\/2024\/11\/J.I-Outeiro-Travanca.jpg'><img loading=\"lazy\" decoding=\"async\" width=\"225\" height=\"300\" src=\"https:\/\/www.presepios.cincork.com\/wp\/wp-content\/uploads\/2024\/11\/J.I-Outeiro-Travanca-225x300.jpg\" class=\"attachment-medium size-medium\" alt=\"\" srcset=\"https:\/\/www.presepios.cincork.com\/wp\/wp-content\/uploads\/2024\/11\/J.I-Outeiro-Travanca-225x300.jpg 225w, https:\/\/www.presepios.cincork.com\/wp\/wp-content\/uploads\/2024\/11\/J.I-Outeiro-Travanca-768x1024.jpg 768w, https:\/\/www.presepios.cincork.com\/wp\/wp-content\/uploads\/2024\/11\/J.I-Outeiro-Travanca-1152x1536.jpg 1152w, https:\/\/www.presepios.cincork.com\/wp\/wp-content\/uploads\/2024\/11\/J.I-Outeiro-Travanca-1536x2048.jpg 1536w, https:\/\/www.presepios.cincork.com\/wp\/wp-content\/uploads\/2024\/11\/J.I-Outeiro-Travanca.jpg 1920w\" sizes=\"auto, (max-width: 225px) 100vw, 225px\" \/><\/a><\/p>\n\t\t<div data-elementor-type=\"wp-page\" data-elementor-id=\"719\" class=\"elementor elementor-719\">\n\t\t\t\t<div class=\"elementor-element elementor-element-51b22778 e-flex e-con-boxed wpr-particle-no wpr-jarallax-no wpr-parallax-no wpr-sticky-section-no e-con e-parent\" data-id=\"51b22778\" data-element_type=\"container\">\n\t\t\t\t\t<div class=\"e-con-inner\">\n\t\t<div class=\"elementor-element elementor-element-16bcd58 e-flex e-con-boxed wpr-particle-no wpr-jarallax-no wpr-parallax-no wpr-sticky-section-no e-con e-child\" data-id=\"16bcd58\" data-element_type=\"container\">\n\t\t\t\t\t<div class=\"e-con-inner\">\n\t\t\t\t<div class=\"elementor-element elementor-element-5e0d2dab elementor-position-left elementor-view-default elementor-mobile-position-top elementor-widget elementor-widget-icon-box\" data-id=\"5e0d2dab\" data-element_type=\"widget\" data-widget_type=\"icon-box.default\">\n\t\t\t\t<div class=\"elementor-widget-container\">\n\t\t\t\t\t\t\t<div class=\"elementor-icon-box-wrapper\">\n\n\t\t\t\t\t\t<div class=\"elementor-icon-box-icon\">\n\t\t\t\t<span  class=\"elementor-icon\">\n\t\t\t\t<i aria-hidden=\"true\" class=\"fas fa-tree\"><\/i>\t\t\t\t<\/span>\n\t\t\t<\/div>\n\t\t\t\n\t\t\t\t\t\t<div class=\"elementor-icon-box-content\">\n\n\t\t\t\t\t\t\t\t\t<h3 class=\"elementor-icon-box-title\">\n\t\t\t\t\t\t<span  >\n\t\t\t\t\t\t\tIdentifica\u00e7\u00e3o da Escola:\t\t\t\t\t\t<\/span>\n\t\t\t\t\t<\/h3>\n\t\t\t\t\n\t\t\t\t\t\t\t\t\t<p class=\"elementor-icon-box-description\">\n\t\t\t\t\t\tJardim de Inf\u00e2ncia Outeiro Travanca (Agrupamento de Escolas Fernando Pessoa)\t\t\t\t\t<\/p>\n\t\t\t\t\n\t\t\t<\/div>\n\t\t\t\n\t\t<\/div>\n\t\t\t\t\t\t<\/div>\n\t\t\t\t<\/div>\n\t\t\t\t<div class=\"elementor-element elementor-element-3cebfe79 elementor-position-left elementor-view-default elementor-mobile-position-top elementor-widget elementor-widget-icon-box\" data-id=\"3cebfe79\" data-element_type=\"widget\" data-widget_type=\"icon-box.default\">\n\t\t\t\t<div class=\"elementor-widget-container\">\n\t\t\t\t\t\t\t<div class=\"elementor-icon-box-wrapper\">\n\n\t\t\t\t\t\t<div class=\"elementor-icon-box-icon\">\n\t\t\t\t<span  class=\"elementor-icon\">\n\t\t\t\t<i aria-hidden=\"true\" class=\"fas fa-tree\"><\/i>\t\t\t\t<\/span>\n\t\t\t<\/div>\n\t\t\t\n\t\t\t\t\t\t<div class=\"elementor-icon-box-content\">\n\n\t\t\t\t\t\t\t\t\t<h3 class=\"elementor-icon-box-title\">\n\t\t\t\t\t\t<span  >\n\t\t\t\t\t\t\tCategoria em que Concorre:\t\t\t\t\t\t<\/span>\n\t\t\t\t\t<\/h3>\n\t\t\t\t\n\t\t\t\t\t\t\t\t\t<p class=\"elementor-icon-box-description\">\n\t\t\t\t\t\tJardim Inf\u00e2ncia (Pr\u00e9-Escolar)\t\t\t\t\t<\/p>\n\t\t\t\t\n\t\t\t<\/div>\n\t\t\t\n\t\t<\/div>\n\t\t\t\t\t\t<\/div>\n\t\t\t\t<\/div>\n\t\t\t\t<div class=\"elementor-element elementor-element-7b8cdbe0 elementor-position-left elementor-view-default elementor-mobile-position-top elementor-widget elementor-widget-icon-box\" data-id=\"7b8cdbe0\" data-element_type=\"widget\" data-widget_type=\"icon-box.default\">\n\t\t\t\t<div class=\"elementor-widget-container\">\n\t\t\t\t\t\t\t<div class=\"elementor-icon-box-wrapper\">\n\n\t\t\t\t\t\t<div class=\"elementor-icon-box-icon\">\n\t\t\t\t<span  class=\"elementor-icon\">\n\t\t\t\t<i aria-hidden=\"true\" class=\"fas fa-tree\"><\/i>\t\t\t\t<\/span>\n\t\t\t<\/div>\n\t\t\t\n\t\t\t\t\t\t<div class=\"elementor-icon-box-content\">\n\n\t\t\t\t\t\t\t\t\t<h3 class=\"elementor-icon-box-title\">\n\t\t\t\t\t\t<span  >\n\t\t\t\t\t\t\tCaracteriza\u00e7\u00e3o do Pres\u00e9pio:\t\t\t\t\t\t<\/span>\n\t\t\t\t\t<\/h3>\n\t\t\t\t\n\t\t\t\t\t\t\t\t\t<p class=\"elementor-icon-box-description\">\n\t\t\t\t\t\tO pres\u00e9pio foi elaborado pelas crian\u00e7as que frequentam as AAAF ( Brincar com as express\u00f5es) e pela professora.\no material utilizado foi: paus de algod\u00e3o doce, tecido, tintas, caixas de ovos, rolhas, corti\u00e7a, corticite apara de l\u00e1pis de cor e cola quente.\t\t\t\t\t<\/p>\n\t\t\t\t\n\t\t\t<\/div>\n\t\t\t\n\t\t<\/div>\n\t\t\t\t\t\t<\/div>\n\t\t\t\t<\/div>\n\t\t\t\t<div class=\"elementor-element elementor-element-48dfde49 elementor-position-left elementor-view-default elementor-mobile-position-top elementor-widget elementor-widget-icon-box\" data-id=\"48dfde49\" data-element_type=\"widget\" data-widget_type=\"icon-box.default\">\n\t\t\t\t<div class=\"elementor-widget-container\">\n\t\t\t\t\t\t\t<div class=\"elementor-icon-box-wrapper\">\n\n\t\t\t\t\t\t<div class=\"elementor-icon-box-icon\">\n\t\t\t\t<span  class=\"elementor-icon\">\n\t\t\t\t<i aria-hidden=\"true\" class=\"fas fa-tree\"><\/i>\t\t\t\t<\/span>\n\t\t\t<\/div>\n\t\t\t\n\t\t\t\t\t\t<div class=\"elementor-icon-box-content\">\n\n\t\t\t\t\t\t\t\t\t<h3 class=\"elementor-icon-box-title\">\n\t\t\t\t\t\t<span  >\n\t\t\t\t\t\t\tFotos:\t\t\t\t\t\t<\/span>\n\t\t\t\t\t<\/h3>\n\t\t\t\t\n\t\t\t\t\n\t\t\t<\/div>\n\t\t\t\n\t\t<\/div>\n\t\t\t\t\t\t<\/div>\n\t\t\t\t<\/div>\n\t\t\t\t\t<\/div>\n\t\t\t\t<\/div>\n\t\t\t\t\t<\/div>\n\t\t\t\t<\/div>\n\t\t<div class=\"elementor-element elementor-element-414dbfd7 e-flex e-con-boxed wpr-particle-no wpr-jarallax-no wpr-parallax-no wpr-sticky-section-no e-con e-parent\" data-id=\"414dbfd7\" data-element_type=\"container\">\n\t\t\t\t\t<div class=\"e-con-inner\">\n\t\t\t\t<div class=\"elementor-element elementor-element-6f5b0960 wpr-grid-slider-columns-1 wpr-grid-slider-columns--tablet2 wpr-grid-slider-columns--mobile1 wpr-grid-slider-dots-horizontal elementor-widget elementor-widget-wpr-media-grid\" data-id=\"6f5b0960\" data-element_type=\"widget\" data-settings=\"{&quot;layout_slider_amount&quot;:&quot;1&quot;,&quot;layout_slider_amount_tablet&quot;:2,&quot;layout_slider_amount_mobile&quot;:1,&quot;layout_slider_rows&quot;:1,&quot;layout_slides_to_scroll&quot;:2,&quot;layout_slider_loop&quot;:&quot;yes&quot;}\" data-widget_type=\"wpr-media-grid.default\">\n\t\t\t\t<div class=\"elementor-widget-container\">\n\t\t\t\t\t<section class=\"wpr-grid wpr-media-grid elementor-clearfix\" dir=\"ltr\" data-slick=\"{&quot;rtl&quot;:false,&quot;infinite&quot;:true,&quot;speed&quot;:700,&quot;arrows&quot;:true,&quot;dots&quot;:true,&quot;autoplay&quot;:false,&quot;autoplaySpeed&quot;:0,&quot;pauseOnHover&quot;:&quot;&quot;,&quot;prevArrow&quot;:&quot;#wpr-grid-slider-prev-6f5b0960&quot;,&quot;nextArrow&quot;:&quot;#wpr-grid-slider-next-6f5b0960&quot;,&quot;sliderSlidesToScroll&quot;:2,&quot;sliderRows&quot;:1,&quot;lightbox&quot;:{&quot;selector&quot;:&quot;article:not(.slick-cloned) .wpr-grid-image-wrap&quot;,&quot;iframeMaxWidth&quot;:&quot;60%&quot;,&quot;hash&quot;:false,&quot;autoplay&quot;:&quot;true&quot;,&quot;pause&quot;:5000,&quot;progressBar&quot;:&quot;true&quot;,&quot;counter&quot;:&quot;true&quot;,&quot;controls&quot;:&quot;true&quot;,&quot;getCaptionFromTitleOrAlt&quot;:&quot;true&quot;,&quot;thumbnail&quot;:&quot;&quot;,&quot;showThumbByDefault&quot;:&quot;&quot;,&quot;share&quot;:&quot;&quot;,&quot;zoom&quot;:&quot;true&quot;,&quot;fullScreen&quot;:&quot;true&quot;,&quot;download&quot;:&quot;true&quot;}}\"><article class=\"wpr-grid-item elementor-clearfix post-721 attachment type-attachment status-inherit hentry\"><div class=\"wpr-grid-item-inner\"><div class=\"wpr-grid-media-wrap wpr-effect-size-small \"><div class=\"wpr-grid-image-wrap\" data-src=\"https:\/\/www.presepios.cincork.com\/wp\/wp-content\/uploads\/2024\/11\/J.I-Outeiro-Travanca-2.jpg\"><img decoding=\"async\" src=\"https:\/\/www.presepios.cincork.com\/wp\/wp-content\/uploads\/2024\/11\/J.I-Outeiro-Travanca-2.jpg\" alt=\"J.I Outeiro Travanca 2\" class=\"wpr-anim-timing-ease-default\"><\/div><div class=\"wpr-grid-media-hover wpr-animation-wrap\"><div class=\"wpr-grid-media-hover-bg  wpr-overlay-fade-in wpr-anim-size-large wpr-anim-timing-ease-default wpr-anim-transparency\" data-url=\"https:\/\/www.presepios.cincork.com\/wp\/j-i-outeiro-travanca-2\/\"><\/div><div class=\"wpr-cv-container\"><div class=\"wpr-cv-outer\"><div class=\"wpr-cv-inner\"><div class=\"wpr-grid-media-hover-middle elementor-clearfix\"><div class=\"wpr-grid-item-lightbox elementor-repeater-item-e749fbe wpr-grid-item-display-block wpr-grid-item-align-center wpr-element-fade-in wpr-anim-size-large wpr-anim-timing-ease-default wpr-anim-transparency\"><div class=\"inner-block\"><span data-src=\"https:\/\/www.presepios.cincork.com\/wp\/wp-content\/uploads\/2024\/11\/J.I-Outeiro-Travanca-2.jpg\"><i class=\"fas fa-search\"><\/i><\/span><div class=\"wpr-grid-lightbox-overlay\"><\/div><\/div><\/div><\/div><\/div><\/div><\/div><\/div><\/div><\/div><\/article><article class=\"wpr-grid-item elementor-clearfix post-722 attachment type-attachment status-inherit hentry\"><div class=\"wpr-grid-item-inner\"><div class=\"wpr-grid-media-wrap wpr-effect-size-small \"><div class=\"wpr-grid-image-wrap\" data-src=\"https:\/\/www.presepios.cincork.com\/wp\/wp-content\/uploads\/2024\/11\/J.I-Outeiro-Travanca-3.jpg\"><img decoding=\"async\" src=\"https:\/\/www.presepios.cincork.com\/wp\/wp-content\/uploads\/2024\/11\/J.I-Outeiro-Travanca-3.jpg\" alt=\"J.I Outeiro Travanca 3\" class=\"wpr-anim-timing-ease-default\"><\/div><div class=\"wpr-grid-media-hover wpr-animation-wrap\"><div class=\"wpr-grid-media-hover-bg  wpr-overlay-fade-in wpr-anim-size-large wpr-anim-timing-ease-default wpr-anim-transparency\" data-url=\"https:\/\/www.presepios.cincork.com\/wp\/j-i-outeiro-travanca-3\/\"><\/div><div class=\"wpr-cv-container\"><div class=\"wpr-cv-outer\"><div class=\"wpr-cv-inner\"><div class=\"wpr-grid-media-hover-middle elementor-clearfix\"><div class=\"wpr-grid-item-lightbox elementor-repeater-item-e749fbe wpr-grid-item-display-block wpr-grid-item-align-center wpr-element-fade-in wpr-anim-size-large wpr-anim-timing-ease-default wpr-anim-transparency\"><div class=\"inner-block\"><span data-src=\"https:\/\/www.presepios.cincork.com\/wp\/wp-content\/uploads\/2024\/11\/J.I-Outeiro-Travanca-3.jpg\"><i class=\"fas fa-search\"><\/i><\/span><div class=\"wpr-grid-lightbox-overlay\"><\/div><\/div><\/div><\/div><\/div><\/div><\/div><\/div><\/div><\/div><\/article><article class=\"wpr-grid-item elementor-clearfix post-723 attachment type-attachment status-inherit hentry\"><div class=\"wpr-grid-item-inner\"><div class=\"wpr-grid-media-wrap wpr-effect-size-small \"><div class=\"wpr-grid-image-wrap\" data-src=\"https:\/\/www.presepios.cincork.com\/wp\/wp-content\/uploads\/2024\/11\/J.I-Outeiro-Travanca.jpg\"><img decoding=\"async\" src=\"https:\/\/www.presepios.cincork.com\/wp\/wp-content\/uploads\/2024\/11\/J.I-Outeiro-Travanca.jpg\" alt=\"J.I Outeiro Travanca\" class=\"wpr-anim-timing-ease-default\"><\/div><div class=\"wpr-grid-media-hover wpr-animation-wrap\"><div class=\"wpr-grid-media-hover-bg  wpr-overlay-fade-in wpr-anim-size-large wpr-anim-timing-ease-default wpr-anim-transparency\" data-url=\"https:\/\/www.presepios.cincork.com\/wp\/j-i-outeiro-travanca\/\"><\/div><div class=\"wpr-cv-container\"><div class=\"wpr-cv-outer\"><div class=\"wpr-cv-inner\"><div class=\"wpr-grid-media-hover-middle elementor-clearfix\"><div class=\"wpr-grid-item-lightbox elementor-repeater-item-e749fbe wpr-grid-item-display-block wpr-grid-item-align-center wpr-element-fade-in wpr-anim-size-large wpr-anim-timing-ease-default wpr-anim-transparency\"><div class=\"inner-block\"><span data-src=\"https:\/\/www.presepios.cincork.com\/wp\/wp-content\/uploads\/2024\/11\/J.I-Outeiro-Travanca.jpg\"><i class=\"fas fa-search\"><\/i><\/span><div class=\"wpr-grid-lightbox-overlay\"><\/div><\/div><\/div><\/div><\/div><\/div><\/div><\/div><\/div><\/div><\/article><\/section><div class=\"wpr-grid-slider-arrow-container\"><div class=\"wpr-grid-slider-prev-arrow wpr-grid-slider-arrow\" id=\"wpr-grid-slider-prev-6f5b0960\"><svg version=\"1.1\" xmlns=\"http:\/\/www.w3.org\/2000\/svg\" xmlns:xlink=\"http:\/\/www.w3.org\/1999\/xlink\" x=\"0px\" y=\"0px\" viewBox=\"0 0 283.4 512\" style=\"enable-background:new 0 0 283.4 512;\" xml:space=\"preserve\"><g><polygon class=\"st0\" points=\"54.5,256.3 283.4,485.1 256.1,512.5 0,256.3 0,256.3 27.2,229 256.1,0 283.4,27.4 \"\/><\/g><\/svg><\/div><div class=\"wpr-grid-slider-next-arrow wpr-grid-slider-arrow\" id=\"wpr-grid-slider-next-6f5b0960\"><svg version=\"1.1\" xmlns=\"http:\/\/www.w3.org\/2000\/svg\" xmlns:xlink=\"http:\/\/www.w3.org\/1999\/xlink\" x=\"0px\" y=\"0px\" viewBox=\"0 0 283.4 512\" style=\"enable-background:new 0 0 283.4 512;\" xml:space=\"preserve\"><g><polygon class=\"st0\" points=\"54.5,256.3 283.4,485.1 256.1,512.5 0,256.3 0,256.3 27.2,229 256.1,0 283.4,27.4 \"\/><\/g><\/svg><\/div><\/div><div class=\"wpr-grid-slider-dots\"><\/div>\t\t\t\t<\/div>\n\t\t\t\t<\/div>\n\t\t\t\t\t<\/div>\n\t\t\t\t<\/div>\n\t\t\t\t<\/div>\n\t\t","protected":false},"excerpt":{"rendered":"<p>Identifica\u00e7\u00e3o da Escola: Jardim de Inf\u00e2ncia Outeiro Travanca (Agrupamento de Escolas Fernando Pessoa) Categoria em que Concorre: Jardim Inf\u00e2ncia (Pr\u00e9-Escolar) Caracteriza\u00e7\u00e3o do Pres\u00e9pio: O pres\u00e9pio foi elaborado pelas crian\u00e7as que frequentam as AAAF ( Brincar com as express\u00f5es) e pela professora. o material utilizado foi: &hellip; <a href=\"https:\/\/www.presepios.cincork.com\/wp\/j-i-outeiro-travanca\/\" class=\"more-link\"><span>Continue reading<span class=\"screen-reader-text\">J.I Outeiro Travanca<\/span><\/span><\/a><\/p>\n","protected":false},"author":1,"featured_media":0,"parent":0,"menu_order":0,"comment_status":"closed","ping_status":"closed","template":"elementor_header_footer","meta":{"footnotes":""},"class_list":["post-719","page","type-page","status-publish","hentry"],"_links":{"self":[{"href":"https:\/\/www.presepios.cincork.com\/wp\/wp-json\/wp\/v2\/pages\/719","targetHints":{"allow":["GET"]}}],"collection":[{"href":"https:\/\/www.presepios.cincork.com\/wp\/wp-json\/wp\/v2\/pages"}],"about":[{"href":"https:\/\/www.presepios.cincork.com\/wp\/wp-json\/wp\/v2\/types\/page"}],"author":[{"embeddable":true,"href":"https:\/\/www.presepios.cincork.com\/wp\/wp-json\/wp\/v2\/users\/1"}],"replies":[{"embeddable":true,"href":"https:\/\/www.presepios.cincork.com\/wp\/wp-json\/wp\/v2\/comments?post=719"}],"version-history":[{"count":0,"href":"https:\/\/www.presepios.cincork.com\/wp\/wp-json\/wp\/v2\/pages\/719\/revisions"}],"wp:attachment":[{"href":"https:\/\/www.presepios.cincork.com\/wp\/wp-json\/wp\/v2\/media?parent=719"}],"curies":[{"name":"wp","href":"https:\/\/api.w.org\/{rel}","templated":true}]}}