{"id":232,"date":"2023-11-24T16:27:18","date_gmt":"2023-11-24T16:27:18","guid":{"rendered":"https:\/\/www.presepios.cincork.com\/wp\/?page_id=232"},"modified":"2025-11-14T15:06:05","modified_gmt":"2025-11-14T15:06:05","slug":"parceiros","status":"publish","type":"page","link":"https:\/\/www.presepios.cincork.com\/wp\/parceiros\/","title":{"rendered":"Parceiros"},"content":{"rendered":"\t\t<div data-elementor-type=\"wp-page\" data-elementor-id=\"232\" class=\"elementor elementor-232\">\n\t\t\t\t<div class=\"elementor-element elementor-element-6aa627b e-flex e-con-boxed wpr-particle-no wpr-jarallax-no wpr-parallax-no wpr-sticky-section-no e-con e-parent\" data-id=\"6aa627b\" data-element_type=\"container\">\n\t\t\t\t\t<div class=\"e-con-inner\">\n\t\t\t\t<div class=\"elementor-element elementor-element-38c072a elementor-position-top elementor-widget elementor-widget-image-box\" data-id=\"38c072a\" data-element_type=\"widget\" data-widget_type=\"image-box.default\">\n\t\t\t\t<div class=\"elementor-widget-container\">\n\t\t\t\t\t<div class=\"elementor-image-box-wrapper\"><figure class=\"elementor-image-box-img\"><a href=\"https:\/\/cincork.com\/pt\/programa-educativo\/\" target=\"_blank\" tabindex=\"-1\"><img loading=\"lazy\" decoding=\"async\" width=\"805\" height=\"100\" src=\"https:\/\/www.presepios.cincork.com\/wp\/wp-content\/uploads\/2023\/11\/title.png\" class=\"attachment-full size-full wp-image-235\" alt=\"\" srcset=\"https:\/\/www.presepios.cincork.com\/wp\/wp-content\/uploads\/2023\/11\/title.png 805w, https:\/\/www.presepios.cincork.com\/wp\/wp-content\/uploads\/2023\/11\/title-300x37.png 300w, https:\/\/www.presepios.cincork.com\/wp\/wp-content\/uploads\/2023\/11\/title-768x95.png 768w\" sizes=\"auto, (max-width: 805px) 100vw, 805px\" \/><\/a><\/figure><div class=\"elementor-image-box-content\"><h3 class=\"elementor-image-box-title\"><a href=\"https:\/\/cincork.com\/pt\/programa-educativo\/\" target=\"_blank\">Cincork - Centro de Forma\u00e7\u00e3o Profissional da Ind\u00fastria de Corti\u00e7a<\/a><\/h3><\/div><\/div>\t\t\t\t<\/div>\n\t\t\t\t<\/div>\n\t\t\t\t<div class=\"elementor-element elementor-element-d1b6dce elementor-position-top elementor-widget elementor-widget-image-box\" data-id=\"d1b6dce\" data-element_type=\"widget\" data-widget_type=\"image-box.default\">\n\t\t\t\t<div class=\"elementor-widget-container\">\n\t\t\t\t\t<div class=\"elementor-image-box-wrapper\"><figure class=\"elementor-image-box-img\"><a href=\"https:\/\/cm-feira.pt\/\" target=\"_blank\" tabindex=\"-1\"><img loading=\"lazy\" decoding=\"async\" width=\"1734\" height=\"480\" src=\"https:\/\/www.presepios.cincork.com\/wp\/wp-content\/uploads\/2023\/11\/SMF.png\" class=\"attachment-full size-full wp-image-234\" alt=\"\" srcset=\"https:\/\/www.presepios.cincork.com\/wp\/wp-content\/uploads\/2023\/11\/SMF.png 1734w, https:\/\/www.presepios.cincork.com\/wp\/wp-content\/uploads\/2023\/11\/SMF-300x83.png 300w, https:\/\/www.presepios.cincork.com\/wp\/wp-content\/uploads\/2023\/11\/SMF-1024x283.png 1024w, https:\/\/www.presepios.cincork.com\/wp\/wp-content\/uploads\/2023\/11\/SMF-768x213.png 768w, https:\/\/www.presepios.cincork.com\/wp\/wp-content\/uploads\/2023\/11\/SMF-1536x425.png 1536w\" sizes=\"auto, (max-width: 1734px) 100vw, 1734px\" \/><\/a><\/figure><div class=\"elementor-image-box-content\"><h3 class=\"elementor-image-box-title\"><a href=\"https:\/\/cm-feira.pt\/\" target=\"_blank\">C\u00e2mara Municipal de Santa Maria da Feira<\/a><\/h3><\/div><\/div>\t\t\t\t<\/div>\n\t\t\t\t<\/div>\n\t\t\t\t<div class=\"elementor-element elementor-element-b093772 elementor-position-top elementor-widget elementor-widget-image-box\" data-id=\"b093772\" data-element_type=\"widget\" data-widget_type=\"image-box.default\">\n\t\t\t\t<div class=\"elementor-widget-container\">\n\t\t\t\t\t<div class=\"elementor-image-box-wrapper\"><figure class=\"elementor-image-box-img\"><a href=\"http:\/\/www.fapfeira.pt\/\" target=\"_blank\" tabindex=\"-1\"><img decoding=\"async\" src=\"https:\/\/www.presepios.cincork.com\/wp\/wp-content\/uploads\/elementor\/thumbs\/FAPFEIRA-qfu9n7l1ptdrk9vbrusz26i8htv12h0d9aqohp2wmw.png\" title=\"FAPFEIRA\" alt=\"FAPFEIRA\" loading=\"lazy\" \/><\/a><\/figure><div class=\"elementor-image-box-content\"><h3 class=\"elementor-image-box-title\"><a href=\"http:\/\/www.fapfeira.pt\/\" target=\"_blank\"> FAPFEIRA \u2013 Federa\u00e7\u00e3o das Associa\u00e7\u00f5es de Pais de Santa Maria da Feira.<\/a><\/h3><\/div><\/div>\t\t\t\t<\/div>\n\t\t\t\t<\/div>\n\t\t\t\t\t<\/div>\n\t\t\t\t<\/div>\n\t\t\t\t<\/div>\n\t\t","protected":false},"excerpt":{"rendered":"<p>Cincork &#8211; Centro de Forma\u00e7\u00e3o Profissional da Ind\u00fastria de Corti\u00e7a C\u00e2mara Municipal de Santa Maria da Feira FAPFEIRA \u2013 Federa\u00e7\u00e3o das Associa\u00e7\u00f5es de Pais de Santa Maria da Feira.<\/p>\n","protected":false},"author":1,"featured_media":0,"parent":0,"menu_order":0,"comment_status":"closed","ping_status":"closed","template":"elementor_header_footer","meta":{"footnotes":""},"class_list":["post-232","page","type-page","status-publish","hentry"],"_links":{"self":[{"href":"https:\/\/www.presepios.cincork.com\/wp\/wp-json\/wp\/v2\/pages\/232","targetHints":{"allow":["GET"]}}],"collection":[{"href":"https:\/\/www.presepios.cincork.com\/wp\/wp-json\/wp\/v2\/pages"}],"about":[{"href":"https:\/\/www.presepios.cincork.com\/wp\/wp-json\/wp\/v2\/types\/page"}],"author":[{"embeddable":true,"href":"https:\/\/www.presepios.cincork.com\/wp\/wp-json\/wp\/v2\/users\/1"}],"replies":[{"embeddable":true,"href":"https:\/\/www.presepios.cincork.com\/wp\/wp-json\/wp\/v2\/comments?post=232"}],"version-history":[{"count":0,"href":"https:\/\/www.presepios.cincork.com\/wp\/wp-json\/wp\/v2\/pages\/232\/revisions"}],"wp:attachment":[{"href":"https:\/\/www.presepios.cincork.com\/wp\/wp-json\/wp\/v2\/media?parent=232"}],"curies":[{"name":"wp","href":"https:\/\/api.w.org\/{rel}","templated":true}]}}